{"id":21,"date":"2019-01-23T06:32:08","date_gmt":"2019-01-23T06:32:08","guid":{"rendered":"http:\/\/www.lelushoppi.fi\/contact-us\/"},"modified":"2021-11-02T10:44:53","modified_gmt":"2021-11-02T10:44:53","slug":"kontakt","status":"publish","type":"page","link":"https:\/\/www.lelushoppi.fi\/et\/kontakt\/","title":{"rendered":"Kontakt"},"content":{"rendered":"\n\n\t<h1>\n\t\t\t\tKontakt\n\t\t\t<\/h1>\n\t\t\t<p>Kui Teil tekkis k\u00fcsimuse m\u00f5ne toote v\u00f5i tellimuse kohta siis v\u00f5tke meiega \u00fchendust!<\/p>\n\t<ul>\n\t\t<li>\t\t\t\t\n\t\t<h6>Lelushoppi O\u00dc<\/h6>Tammep\u00e4rja 12, Tallinn<br \/>\nReg. nr.  12667436\n<\/li>\t<\/ul>\n\t<ul>\n\t\t<li>\t\t\t\t\n\t\t<h6><\/h6><p>+358408188388 suomeksi<br \/>+37251928460 eesti keeles<\/p><\/li>\t<\/ul>\n\t<ul>\n\t\t<li>\t\t\t\t\n\t\t<h6>info@lelushoppi.ee<\/h6>\n<\/li>\t<\/ul>\n\t<h3>\n\t\t\t\tSaada kiri\n\t\t\t<\/h3>\n\t\t\t<br \/>\n\n","protected":false},"excerpt":{"rendered":"<p>Kontakt Kui Teil tekkis k\u00fcsimuse m\u00f5ne toote v\u00f5i tellimuse kohta siis v\u00f5tke meiega \u00fchendust! Lelushoppi O\u00dc Tammep\u00e4rja 12, Tallinn Reg. nr. 12667436 +358408188388 suomeksi+37251928460 eesti keeles info@lelushoppi.ee Saada kiri<\/p>\n","protected":false},"author":1,"featured_media":0,"parent":0,"menu_order":0,"comment_status":"closed","ping_status":"closed","template":"","meta":{"_acf_changed":false,"site-sidebar-layout":"no-sidebar","site-content-layout":"page-builder","ast-site-content-layout":"default","site-content-style":"default","site-sidebar-style":"default","ast-global-header-display":"","ast-banner-title-visibility":"","ast-main-header-display":"","ast-hfb-above-header-display":"","ast-hfb-below-header-display":"","ast-hfb-mobile-header-display":"","site-post-title":"disabled","ast-breadcrumbs-content":"","ast-featured-img":"disabled","footer-sml-layout":"","ast-disable-related-posts":"","theme-transparent-header-meta":"enabled","adv-header-id-meta":"","stick-header-meta":"","header-above-stick-meta":"","header-main-stick-meta":"","header-below-stick-meta":"","astra-migrate-meta-layouts":"default","ast-page-background-enabled":"default","ast-page-background-meta":{"desktop":{"background-color":"","background-image":"","background-repeat":"repeat","background-position":"center center","background-size":"auto","background-attachment":"scroll","background-type":"","background-media":"","overlay-type":"","overlay-color":"","overlay-opacity":"","overlay-gradient":""},"tablet":{"background-color":"","background-image":"","background-repeat":"repeat","background-position":"center center","background-size":"auto","background-attachment":"scroll","background-type":"","background-media":"","overlay-type":"","overlay-color":"","overlay-opacity":"","overlay-gradient":""},"mobile":{"background-color":"","background-image":"","background-repeat":"repeat","background-position":"center center","background-size":"auto","background-attachment":"scroll","background-type":"","background-media":"","overlay-type":"","overlay-color":"","overlay-opacity":"","overlay-gradient":""}},"ast-content-background-meta":{"desktop":{"background-color":"var(--ast-global-color-5)","background-image":"","background-repeat":"repeat","background-position":"center center","background-size":"auto","background-attachment":"scroll","background-type":"","background-media":"","overlay-type":"","overlay-color":"","overlay-opacity":"","overlay-gradient":""},"tablet":{"background-color":"var(--ast-global-color-5)","background-image":"","background-repeat":"repeat","background-position":"center center","background-size":"auto","background-attachment":"scroll","background-type":"","background-media":"","overlay-type":"","overlay-color":"","overlay-opacity":"","overlay-gradient":""},"mobile":{"background-color":"var(--ast-global-color-5)","background-image":"","background-repeat":"repeat","background-position":"center center","background-size":"auto","background-attachment":"scroll","background-type":"","background-media":"","overlay-type":"","overlay-color":"","overlay-opacity":"","overlay-gradient":""}},"footnotes":""},"class_list":["post-21","page","type-page","status-publish","hentry"],"acf":[],"_links":{"self":[{"href":"https:\/\/www.lelushoppi.fi\/et\/wp-json\/wp\/v2\/pages\/21","targetHints":{"allow":["GET"]}}],"collection":[{"href":"https:\/\/www.lelushoppi.fi\/et\/wp-json\/wp\/v2\/pages"}],"about":[{"href":"https:\/\/www.lelushoppi.fi\/et\/wp-json\/wp\/v2\/types\/page"}],"author":[{"embeddable":true,"href":"https:\/\/www.lelushoppi.fi\/et\/wp-json\/wp\/v2\/users\/1"}],"replies":[{"embeddable":true,"href":"https:\/\/www.lelushoppi.fi\/et\/wp-json\/wp\/v2\/comments?post=21"}],"version-history":[{"count":6,"href":"https:\/\/www.lelushoppi.fi\/et\/wp-json\/wp\/v2\/pages\/21\/revisions"}],"predecessor-version":[{"id":37752,"href":"https:\/\/www.lelushoppi.fi\/et\/wp-json\/wp\/v2\/pages\/21\/revisions\/37752"}],"wp:attachment":[{"href":"https:\/\/www.lelushoppi.fi\/et\/wp-json\/wp\/v2\/media?parent=21"}],"curies":[{"name":"wp","href":"https:\/\/api.w.org\/{rel}","templated":true}]}}