{"id":10,"date":"2019-01-23T06:31:31","date_gmt":"2019-01-23T06:31:31","guid":{"rendered":"http:\/\/www.lelushoppi.fi\/about-us\/"},"modified":"2021-02-16T14:10:19","modified_gmt":"2021-02-16T14:10:19","slug":"meist","status":"publish","type":"page","link":"https:\/\/www.lelushoppi.fi\/et\/meist\/","title":{"rendered":"Meist"},"content":{"rendered":"\n\n\t<h1>\n\t\t\t\tMeist\n\t\t\t<\/h1>\n\t\t<p>Veidi l\u00e4hemalt meie ettev\u00f5ttest<\/p>\n\t<h2>\n\t\t\t\tTere tulemast ostlema!\n\t\t\t<\/h2>\n\t\t<p>Klassikaline, hariv, kvaliteetne ja l\u00f5bus m\u00e4nguasi on endiselt sama asjakohane. Loodame, et teile meeldib meie hoolikalt valitud valik. M\u00e4nguasjapood pakub kvaliteediteadlikele tarbijatele m\u00e4nguasju ja variatsioone m\u00e4nguasjade \u00fcldisest pakkumisest. Teenindame teid oma v\u00f5imete piires.P\u00fc\u00fcame m\u00fc\u00fca ainult tarnijate tooteid, kes testivad ja tagavad toote ohutuse. T\u00f6\u00f6tame rangete m\u00e4\u00e4ruste kohaselt, mis vastavad nii Soome kui ka EL direktiividele. Toote ohutus on meie jaoks t\u00f5esti oluline!<\/p>\t\n\n","protected":false},"excerpt":{"rendered":"<p>Meist Veidi l\u00e4hemalt meie ettev\u00f5ttest Tere tulemast ostlema! Klassikaline, hariv, kvaliteetne ja l\u00f5bus m\u00e4nguasi on endiselt sama asjakohane. Loodame, et teile meeldib meie hoolikalt valitud valik. M\u00e4nguasjapood pakub kvaliteediteadlikele tarbijatele m\u00e4nguasju ja variatsioone m\u00e4nguasjade \u00fcldisest pakkumisest. Teenindame teid oma v\u00f5imete piires.P\u00fc\u00fcame m\u00fc\u00fca ainult tarnijate tooteid, kes testivad ja tagavad toote ohutuse. T\u00f6\u00f6tame rangete m\u00e4\u00e4ruste kohaselt, [&hellip;]<\/p>\n","protected":false},"author":1,"featured_media":0,"parent":0,"menu_order":0,"comment_status":"closed","ping_status":"open","template":"","meta":{"_acf_changed":false,"site-sidebar-layout":"no-sidebar","site-content-layout":"page-builder","ast-site-content-layout":"default","site-content-style":"default","site-sidebar-style":"default","ast-global-header-display":"","ast-banner-title-visibility":"","ast-main-header-display":"","ast-hfb-above-header-display":"","ast-hfb-below-header-display":"","ast-hfb-mobile-header-display":"","site-post-title":"disabled","ast-breadcrumbs-content":"","ast-featured-img":"disabled","footer-sml-layout":"","ast-disable-related-posts":"","theme-transparent-header-meta":"enabled","adv-header-id-meta":"","stick-header-meta":"","header-above-stick-meta":"","header-main-stick-meta":"","header-below-stick-meta":"","astra-migrate-meta-layouts":"default","ast-page-background-enabled":"default","ast-page-background-meta":{"desktop":{"background-color":"","background-image":"","background-repeat":"repeat","background-position":"center center","background-size":"auto","background-attachment":"scroll","background-type":"","background-media":"","overlay-type":"","overlay-color":"","overlay-opacity":"","overlay-gradient":""},"tablet":{"background-color":"","background-image":"","background-repeat":"repeat","background-position":"center center","background-size":"auto","background-attachment":"scroll","background-type":"","background-media":"","overlay-type":"","overlay-color":"","overlay-opacity":"","overlay-gradient":""},"mobile":{"background-color":"","background-image":"","background-repeat":"repeat","background-position":"center center","background-size":"auto","background-attachment":"scroll","background-type":"","background-media":"","overlay-type":"","overlay-color":"","overlay-opacity":"","overlay-gradient":""}},"ast-content-background-meta":{"desktop":{"background-color":"var(--ast-global-color-5)","background-image":"","background-repeat":"repeat","background-position":"center center","background-size":"auto","background-attachment":"scroll","background-type":"","background-media":"","overlay-type":"","overlay-color":"","overlay-opacity":"","overlay-gradient":""},"tablet":{"background-color":"var(--ast-global-color-5)","background-image":"","background-repeat":"repeat","background-position":"center center","background-size":"auto","background-attachment":"scroll","background-type":"","background-media":"","overlay-type":"","overlay-color":"","overlay-opacity":"","overlay-gradient":""},"mobile":{"background-color":"var(--ast-global-color-5)","background-image":"","background-repeat":"repeat","background-position":"center center","background-size":"auto","background-attachment":"scroll","background-type":"","background-media":"","overlay-type":"","overlay-color":"","overlay-opacity":"","overlay-gradient":""}},"footnotes":""},"class_list":["post-10","page","type-page","status-publish","hentry"],"acf":[],"_links":{"self":[{"href":"https:\/\/www.lelushoppi.fi\/et\/wp-json\/wp\/v2\/pages\/10","targetHints":{"allow":["GET"]}}],"collection":[{"href":"https:\/\/www.lelushoppi.fi\/et\/wp-json\/wp\/v2\/pages"}],"about":[{"href":"https:\/\/www.lelushoppi.fi\/et\/wp-json\/wp\/v2\/types\/page"}],"author":[{"embeddable":true,"href":"https:\/\/www.lelushoppi.fi\/et\/wp-json\/wp\/v2\/users\/1"}],"replies":[{"embeddable":true,"href":"https:\/\/www.lelushoppi.fi\/et\/wp-json\/wp\/v2\/comments?post=10"}],"version-history":[{"count":4,"href":"https:\/\/www.lelushoppi.fi\/et\/wp-json\/wp\/v2\/pages\/10\/revisions"}],"predecessor-version":[{"id":14036,"href":"https:\/\/www.lelushoppi.fi\/et\/wp-json\/wp\/v2\/pages\/10\/revisions\/14036"}],"wp:attachment":[{"href":"https:\/\/www.lelushoppi.fi\/et\/wp-json\/wp\/v2\/media?parent=10"}],"curies":[{"name":"wp","href":"https:\/\/api.w.org\/{rel}","templated":true}]}}